{"id":7139,"date":"2024-05-15T15:17:26","date_gmt":"2024-05-15T15:17:26","guid":{"rendered":"https:\/\/thelatin.news\/enviar-noticias\/"},"modified":"2024-06-05T08:17:56","modified_gmt":"2024-06-05T08:17:56","slug":"enviar-noticias","status":"publish","type":"page","link":"https:\/\/thelatin.news\/pt-br\/enviar-noticias\/","title":{"rendered":"Enviar not\u00edcias"},"content":{"rendered":"\t\t<div data-elementor-type=\"wp-page\" data-elementor-id=\"7139\" class=\"elementor elementor-7139 elementor-2926\">\n\t\t\t\t<div class=\"elementor-element elementor-element-2fcdaa7 e-flex e-con-boxed e-con e-parent\" data-id=\"2fcdaa7\" data-element_type=\"container\">\n\t\t\t\t\t<div class=\"e-con-inner\">\n\t\t<div class=\"elementor-element elementor-element-32c1540 e-con-full e-flex e-con e-child\" data-id=\"32c1540\" data-element_type=\"container\">\n\t\t\t\t<div class=\"elementor-element elementor-element-41c84bb elementor-widget elementor-widget-text-editor\" data-id=\"41c84bb\" data-element_type=\"widget\" data-widget_type=\"text-editor.default\">\n\t\t\t\t<div class=\"elementor-widget-container\">\n\t\t\t\t\t\t\t<h2>Envie um artigo de not\u00edcias ou comunicado \u00e0 imprensa para distribui\u00e7\u00e3o \u00e0 m\u00eddia na Europa: Andora, Fran\u00e7a, It\u00e1lia, Mold\u00e1via, Portugal, Rom\u00eania e Espanha<\/h2>\n<p>Envie um comunicado \u00e0 imprensa para distribui\u00e7\u00e3o \u00e0 m\u00eddia europeia em Andorra, Fran\u00e7a, It\u00e1lia, Mold\u00e1via, Portugal, Rom\u00eania e Espanha. O comunicado \u00e0 imprensa pode estar em ingl\u00eas ou em qualquer um dos seguintes idiomas: Catal\u00e3o, franc\u00eas, italiano, portugu\u00eas, romeno e espanhol. Para distribui\u00e7\u00e3o de comunicados \u00e0 imprensa imedia, entre em contato com <a href=\"https:\/\/europenewswire.net\">o EuropeNewswire.Net\u2122<\/a> por meio destes aplicativos de mensagens: <a href=\"https:\/\/api.whatsapp.com\/send\/?phone=18327162363&amp;text&amp;app_absent=0\">WhatsApp<\/a>, <a href=\"skype:groupwebmedia?chat\">Skype<\/a> ou <a href=\"https:\/\/t.me\/groupwebmedia\">Telegram<\/a>.<\/p>\n<h2><a href=\"https:\/\/thelatin.news\/pt-br\/aproveitando-as-raizes-latinas-a-vantagem-estrategica-da-distribuicao-de-comunicados-a-imprensa-na-europa\/\">Aproveitando as ra\u00edzes latinas: A vantagem estrat\u00e9gica da distribui\u00e7\u00e3o de comunicados \u00e0 imprensa na Europa<\/a><\/h2>\n<p>Distribui\u00e7\u00e3o de comunicados \u00e0 imprensa nos idiomas espanhol, franc\u00eas, italiano, portugu\u00eas e romeno<br \/>No diversificado cen\u00e1rio lingu\u00edstico da Europa, os idiomas com ra\u00edzes latinas &#8211; como espanhol, franc\u00eas, italiano, portugu\u00eas e romeno &#8211; desempenham um papel significativo na m\u00eddia e na comunica\u00e7\u00e3o. A distribui\u00e7\u00e3o de comunicados \u00e0 imprensa nesses idiomas rom\u00e2nicos oferece vantagens distintas que podem beneficiar muito as organiza\u00e7\u00f5es que operam nos mercados financeiros europeus. Este ensaio analisa os benef\u00edcios estrat\u00e9gicos da utiliza\u00e7\u00e3o de idiomas latinos para a distribui\u00e7\u00e3o de comunicados \u00e0 imprensa na Europa..<a href=\"https:\/\/thelatin.news\/pt-br\/aproveitando-as-raizes-latinas-a-vantagem-estrategica-da-distribuicao-de-comunicados-a-imprensa-na-europa\/\">.Leia mais<\/a><\/p>\n<div id=\"simple-translate\" class=\"simple-translate-system-theme\">\n<div>\n<div class=\"simple-translate-button \" style=\"background-image: url('moz-extension:\/\/7786b703-e268-494e-8c4b-9e4215803fa6\/icons\/512.png'); height: 22px; width: 22px; top: 10px; left: 10px;\"> <\/div>\n<div class=\"simple-translate-panel isShow\" style=\"width: 300px; height: 89px; top: 151px; left: 10px; font-size: 13px;\">\n<div class=\"simple-translate-result-wrapper\" style=\"overflow: hidden;\">\n<div class=\"simple-translate-move\" draggable=\"true\"> <\/div>\n<div class=\"simple-translate-result-contents\">\n<p class=\"simple-translate-result\" dir=\"auto\">Aprovando as ra\u00e7as latinas: a vantagem estrat\u00e9gica da distribui\u00e7\u00e3o de comunicados de imprensa na Europa<\/p>\n<p class=\"simple-translate-candidate\" dir=\"auto\">\n<\/div>\n<\/div>\n<\/div>\n<\/div>\n<\/div>\n\t\t\t\t\t\t<\/div>\n\t\t\t\t<\/div>\n\t\t\t\t<\/div>\n\t\t<div class=\"elementor-element elementor-element-094c699 e-con-full rb-sticky e-flex e-con e-child\" data-id=\"094c699\" data-element_type=\"container\">\n\t\t\t\t<div class=\"elementor-element elementor-element-1e3905a elementor-widget elementor-widget-foxiz-heading\" data-id=\"1e3905a\" data-element_type=\"widget\" data-widget_type=\"foxiz-heading.default\">\n\t\t\t\t<div class=\"elementor-widget-container\">\n\t\t\t<div id=\"uid_1e3905a\" class=\"block-h heading-layout-2\"><div class=\"heading-inner\"><h2 class=\"heading-title\"><span>\u00daltimas not\u00edcias<\/span><\/h2><\/div><\/div>\t\t<\/div>\n\t\t\t\t<\/div>\n\t\t\t\t<div class=\"elementor-element elementor-element-43b9c61 elementor-widget elementor-widget-foxiz-list-small-2\" data-id=\"43b9c61\" data-element_type=\"widget\" data-widget_type=\"foxiz-list-small-2.default\">\n\t\t\t\t<div class=\"elementor-widget-container\">\n\t\t\t<div id=\"uid_43b9c61\" class=\"block-wrap block-small block-list block-list-small-2 rb-columns rb-col-1 is-feat-left meta-s-default\"><div class=\"block-inner\">\t\t<div class=\"p-wrap p-small p-list-small-2\" data-pid=\"16263\">\r\n\t\t\t<div class=\"p-content\">\r\n\t\t\t<h5 class=\"entry-title\">\t\t<a class=\"p-url\" href=\"https:\/\/thelatin.news\/pt-br\/sakura-e-air-europa-promovem-famtour-com-agentes-de-viagem-para-a-espanha\/\" rel=\"bookmark\">Sakura e Air Europa promovem famtour com agentes de viagem para a Espanha<\/a><\/h5>\t\t\t<div class=\"p-meta\">\r\n\t\t\t\t<div class=\"meta-inner is-meta\">\r\n\t\t\t\t\t<span class=\"meta-el meta-update\">\r\n\t\t<i class=\"rbi rbi-time\" aria-hidden=\"true\"><\/i>\t\t<time class=\"updated\" datetime=\"2024-12-20T03:10:13+00:00\">20 de dezembro de 2024<\/time>\r\n\t\t<\/span>\r\n\t\t\t\t\t\t<\/div>\r\n\t\t\t\t\t\t\t<\/div>\r\n\t\t\t\t<\/div>\r\n\t\t\t\t<\/div>\r\n\t\t\t<div class=\"p-wrap p-small p-list-small-2\" data-pid=\"15551\">\r\n\t\t\t<div class=\"p-content\">\r\n\t\t\t<h5 class=\"entry-title\">\t\t<a class=\"p-url\" href=\"https:\/\/thelatin.news\/pt-br\/putellas-lidera-viagem-da-espanha-a-lyon-para-quartas-das-olimpiadas\/\" rel=\"bookmark\">Putellas lidera viagem da Espanha a Lyon para quartas das Olimp\u00edadas<\/a><\/h5>\t\t\t<div class=\"p-meta\">\r\n\t\t\t\t<div class=\"meta-inner is-meta\">\r\n\t\t\t\t\t<span class=\"meta-el meta-update\">\r\n\t\t<i class=\"rbi rbi-time\" aria-hidden=\"true\"><\/i>\t\t<time class=\"updated\" datetime=\"2024-10-31T20:50:15+00:00\">31 de outubro de 2024<\/time>\r\n\t\t<\/span>\r\n\t\t\t\t\t\t<\/div>\r\n\t\t\t\t\t\t\t<\/div>\r\n\t\t\t\t<\/div>\r\n\t\t\t\t<\/div>\r\n\t\t\t<div class=\"p-wrap p-small p-list-small-2\" data-pid=\"15550\">\r\n\t\t\t<div class=\"p-content\">\r\n\t\t\t<h5 class=\"entry-title\">\t\t<a class=\"p-url\" href=\"https:\/\/thelatin.news\/pt-br\/real-madrid-anuncia-doacao-milionaria-para-as-vitimas-de-enchentes-na-espanha-itatiaia\/\" rel=\"bookmark\">Real Madrid anuncia doa\u00e7\u00e3o milion\u00e1ria para as v\u00edtimas de enchentes na Espanha &#8211; Itatiaia<\/a><\/h5>\t\t\t<div class=\"p-meta\">\r\n\t\t\t\t<div class=\"meta-inner is-meta\">\r\n\t\t\t\t\t<span class=\"meta-el meta-update\">\r\n\t\t<i class=\"rbi rbi-time\" aria-hidden=\"true\"><\/i>\t\t<time class=\"updated\" datetime=\"2024-10-31T20:40:08+00:00\">31 de outubro de 2024<\/time>\r\n\t\t<\/span>\r\n\t\t\t\t\t\t<\/div>\r\n\t\t\t\t\t\t\t<\/div>\r\n\t\t\t\t<\/div>\r\n\t\t\t\t<\/div>\r\n\t\t\t<div class=\"p-wrap p-small p-list-small-2\" data-pid=\"15365\">\r\n\t\t\t<div class=\"p-content\">\r\n\t\t\t<h5 class=\"entry-title\">\t\t<a class=\"p-url\" href=\"https:\/\/thelatin.news\/pt-br\/programa-oferece-r-92-mil-para-quem-quiser-trabalhar-home-office-na-espanha-aproveite\/\" rel=\"bookmark\">Programa oferece R$ 92 MIL para quem quiser trabalhar home office na Espanha: aproveite!<\/a><\/h5>\t\t\t<div class=\"p-meta\">\r\n\t\t\t\t<div class=\"meta-inner is-meta\">\r\n\t\t\t\t\t<span class=\"meta-el meta-update\">\r\n\t\t<i class=\"rbi rbi-time\" aria-hidden=\"true\"><\/i>\t\t<time class=\"updated\" datetime=\"2024-10-24T19:30:11+00:00\">24 de outubro de 2024<\/time>\r\n\t\t<\/span>\r\n\t\t\t\t\t\t<\/div>\r\n\t\t\t\t\t\t\t<\/div>\r\n\t\t\t\t<\/div>\r\n\t\t\t\t<\/div>\r\n\t\t\t<div class=\"p-wrap p-small p-list-small-2\" data-pid=\"15364\">\r\n\t\t\t<div class=\"p-content\">\r\n\t\t\t<h5 class=\"entry-title\">\t\t<a class=\"p-url\" href=\"https:\/\/thelatin.news\/pt-br\/academia-bello-centro-inicia-hoje-a-viagem-a-espanha\/\" rel=\"bookmark\">Academia Bello Centro inicia hoje a viagem \u00e0 Espanha<\/a><\/h5>\t\t\t<div class=\"p-meta\">\r\n\t\t\t\t<div class=\"meta-inner is-meta\">\r\n\t\t\t\t\t<span class=\"meta-el meta-update\">\r\n\t\t<i class=\"rbi rbi-time\" aria-hidden=\"true\"><\/i>\t\t<time class=\"updated\" datetime=\"2024-10-24T19:10:09+00:00\">24 de outubro de 2024<\/time>\r\n\t\t<\/span>\r\n\t\t\t\t\t\t<\/div>\r\n\t\t\t\t\t\t\t<\/div>\r\n\t\t\t\t<\/div>\r\n\t\t\t\t<\/div>\r\n\t<\/div><\/div>\t\t<\/div>\n\t\t\t\t<\/div>\n\t\t\t\t<\/div>\n\t\t\t\t\t<\/div>\n\t\t\t\t<\/div>\n\t\t\t\t<\/div>\n\t\t","protected":false},"excerpt":{"rendered":"<p>Envie um artigo de not\u00edcias ou comunicado \u00e0 imprensa para distribui\u00e7\u00e3o \u00e0 m\u00eddia na Europa: Andora, Fran\u00e7a, It\u00e1lia, Mold\u00e1via, Portugal, Rom\u00eania e Espanha Envie um comunicado \u00e0 imprensa para distribui\u00e7\u00e3o \u00e0 m\u00eddia europeia em Andorra, Fran\u00e7a, It\u00e1lia, Mold\u00e1via, Portugal, Rom\u00eania e Espanha. O comunicado \u00e0 imprensa pode estar em ingl\u00eas ou em qualquer um dos [&hellip;]<\/p>\n","protected":false},"author":1,"featured_media":0,"parent":0,"menu_order":0,"comment_status":"closed","ping_status":"closed","template":"","meta":{"footnotes":""},"class_list":["post-7139","page","type-page","status-publish"],"_links":{"self":[{"href":"https:\/\/thelatin.news\/pt-br\/wp-json\/wp\/v2\/pages\/7139","targetHints":{"allow":["GET"]}}],"collection":[{"href":"https:\/\/thelatin.news\/pt-br\/wp-json\/wp\/v2\/pages"}],"about":[{"href":"https:\/\/thelatin.news\/pt-br\/wp-json\/wp\/v2\/types\/page"}],"author":[{"embeddable":true,"href":"https:\/\/thelatin.news\/pt-br\/wp-json\/wp\/v2\/users\/1"}],"replies":[{"embeddable":true,"href":"https:\/\/thelatin.news\/pt-br\/wp-json\/wp\/v2\/comments?post=7139"}],"version-history":[{"count":1,"href":"https:\/\/thelatin.news\/pt-br\/wp-json\/wp\/v2\/pages\/7139\/revisions"}],"predecessor-version":[{"id":7140,"href":"https:\/\/thelatin.news\/pt-br\/wp-json\/wp\/v2\/pages\/7139\/revisions\/7140"}],"wp:attachment":[{"href":"https:\/\/thelatin.news\/pt-br\/wp-json\/wp\/v2\/media?parent=7139"}],"curies":[{"name":"wp","href":"https:\/\/api.w.org\/{rel}","templated":true}]}}