{"id":7156,"date":"2024-05-15T15:17:26","date_gmt":"2024-05-15T15:17:26","guid":{"rendered":"https:\/\/thelatin.news\/enviar-noticias\/"},"modified":"2024-06-05T08:17:57","modified_gmt":"2024-06-05T08:17:57","slug":"enviar-noticias","status":"publish","type":"page","link":"https:\/\/thelatin.news\/es\/enviar-noticias\/","title":{"rendered":"Enviar noticias"},"content":{"rendered":"\t\t<div data-elementor-type=\"wp-page\" data-elementor-id=\"7156\" class=\"elementor elementor-7156 elementor-2926\">\n\t\t\t\t<div class=\"elementor-element elementor-element-2fcdaa7 e-flex e-con-boxed e-con e-parent\" data-id=\"2fcdaa7\" data-element_type=\"container\">\n\t\t\t\t\t<div class=\"e-con-inner\">\n\t\t<div class=\"elementor-element elementor-element-32c1540 e-con-full e-flex e-con e-child\" data-id=\"32c1540\" data-element_type=\"container\">\n\t\t\t\t<div class=\"elementor-element elementor-element-41c84bb elementor-widget elementor-widget-text-editor\" data-id=\"41c84bb\" data-element_type=\"widget\" data-widget_type=\"text-editor.default\">\n\t\t\t\t<div class=\"elementor-widget-container\">\n\t\t\t\t\t\t\t<h2>Env\u00eda un art\u00edculo de noticias o un comunicado de prensa para su distribuci\u00f3n a los medios de comunicaci\u00f3n de Europa: Andora, Francia, Italia, Moldavia, Portugal, Romainia y Espa\u00f1a<\/h2>\n<p>Env\u00eda un comunicado de prensa para su distribuci\u00f3n a los medios de comunicaci\u00f3n europeos de Andora, Francia, Italia, Moldavia, Portugal, Romainia y Espa\u00f1a. El comunicado de prensa puede estar en ingl\u00e9s o en cualquiera de estas lenguas Catal\u00e1n, Franc\u00e9s, Italiano, Portugu\u00e9s, Romano y Espa\u00f1ol. Para la distribuci\u00f3n inmedia de comunicados de prensa, ponte en contacto con <a href=\"https:\/\/europenewswire.net\">EuropeNewswire.Net\u2122<\/a> a trav\u00e9s de estas aplicaciones de mensajer\u00eda: <a href=\"https:\/\/api.whatsapp.com\/send\/?phone=18327162363&amp;text&amp;app_absent=0\">WhatsApp<\/a>, <a href=\"skype:grupowebmedia?chat\">Skype<\/a> o <a href=\"https:\/\/t.me\/groupwebmedia\">Telegram<\/a>.<\/p>\n<h2><a href=\"https:\/\/thelatin.news\/es\/aprovechando-las-raices-latinas-la-ventaja-estrategica-de-la-distribucion-de-comunicados-de-prensa-en-europa\/\">Aprovechar las ra\u00edces latinas: La ventaja estrat\u00e9gica de la distribuci\u00f3n de comunicados de prensa en Europa<\/a><\/h2>\n<p>Distribuci\u00f3n de comunicados de prensa en espa\u00f1ol, franc\u00e9s, italiano, portugu\u00e9s y rumano<br \/>En el diverso paisaje ling\u00fc\u00edstico de Europa, las lenguas de ra\u00edz latina -como el espa\u00f1ol, el franc\u00e9s, el italiano, el portugu\u00e9s y el rumano- desempe\u00f1an un papel importante en los medios de comunicaci\u00f3n y la comunicaci\u00f3n. La distribuci\u00f3n de comunicados de prensa en estas lenguas romances ofrece claras ventajas que pueden beneficiar enormemente a las organizaciones que operan en los mercados financieros europeos. Este ensayo profundiza en las ventajas estrat\u00e9gicas de utilizar lenguas latinas para la distribuci\u00f3n de comunicados de prensa en Europa..<a href=\"https:\/\/thelatin.news\/es\/aprovechando-las-raices-latinas-la-ventaja-estrategica-de-la-distribucion-de-comunicados-de-prensa-en-europa\/\">.Leer m\u00e1s<\/a><\/p>\n<div id=\"simple-translate\" class=\"simple-translate-system-theme\">\n<div>\n<div class=\"simple-translate-button \" style=\"background-image: url('moz-extension:\/\/7786b703-e268-494e-8c4b-9e4215803fa6\/icons\/512.png'); height: 22px; width: 22px; top: 10px; left: 10px;\"> <\/div>\n<div class=\"simple-translate-panel isShow\" style=\"width: 300px; height: 89px; top: 151px; left: 10px; font-size: 13px;\">\n<div class=\"simple-translate-result-wrapper\" style=\"overflow: hidden;\">\n<div class=\"simple-translate-move\" draggable=\"true\"> <\/div>\n<div class=\"simple-translate-result-contents\">\n<p class=\"simple-translate-result\" dir=\"auto\">Aprovechando las ra\u00edces latinas: la ventaja estrat\u00e9gica de la distribuci\u00f3n de comunicados de prensa en Europa<\/p>\n<p class=\"simple-translate-candidate\" dir=\"auto\">\n<\/div>\n<\/div>\n<\/div>\n<\/div>\n<\/div>\n\t\t\t\t\t\t<\/div>\n\t\t\t\t<\/div>\n\t\t\t\t<\/div>\n\t\t<div class=\"elementor-element elementor-element-094c699 e-con-full rb-sticky e-flex e-con e-child\" data-id=\"094c699\" data-element_type=\"container\">\n\t\t\t\t<div class=\"elementor-element elementor-element-1e3905a elementor-widget elementor-widget-foxiz-heading\" data-id=\"1e3905a\" data-element_type=\"widget\" data-widget_type=\"foxiz-heading.default\">\n\t\t\t\t<div class=\"elementor-widget-container\">\n\t\t\t<div id=\"uid_1e3905a\" class=\"block-h heading-layout-2\"><div class=\"heading-inner\"><h2 class=\"heading-title\"><span>\u00daltimas noticias<\/span><\/h2><\/div><\/div>\t\t<\/div>\n\t\t\t\t<\/div>\n\t\t\t\t<div class=\"elementor-element elementor-element-43b9c61 elementor-widget elementor-widget-foxiz-list-small-2\" data-id=\"43b9c61\" data-element_type=\"widget\" data-widget_type=\"foxiz-list-small-2.default\">\n\t\t\t\t<div class=\"elementor-widget-container\">\n\t\t\t<div id=\"uid_43b9c61\" class=\"block-wrap block-small block-list block-list-small-2 rb-columns rb-col-1 is-feat-left meta-s-default\"><div class=\"block-inner\">\t\t<div class=\"p-wrap p-small p-list-small-2\" data-pid=\"19731\">\r\n\t\t\t\t<div class=\"feat-holder\">\t\t<div class=\"p-featured ratio-v1\">\r\n\t\t\t\t\t<a class=\"p-flink\" href=\"https:\/\/thelatin.news\/es\/sugardaddymeet-ya-esta-disponible-en-espana-la-mayor-plataforma-para-citas-discretas-y-lujosas\/\" title=\"SugarDaddyMeet ya est\u00e1 disponible en Espa\u00f1a: La mayor plataforma para citas discretas y lujosas\">\r\n\t\t\t<img loading=\"lazy\" decoding=\"async\" width=\"150\" height=\"150\" src=\"https:\/\/thelatin.news\/wp-content\/uploads\/2025\/05\/Screenshot89-150x150.png\" class=\"featured-img wp-post-image\" alt=\"\" loading=\"lazy\" \/>\t\t<\/a>\r\n\t\t\t\t<\/div>\r\n\t<\/div>\r\n\t\t\t\t<div class=\"p-content\">\r\n\t\t\t<h5 class=\"entry-title\">\t\t<a class=\"p-url\" href=\"https:\/\/thelatin.news\/es\/sugardaddymeet-ya-esta-disponible-en-espana-la-mayor-plataforma-para-citas-discretas-y-lujosas\/\" rel=\"bookmark\">SugarDaddyMeet ya est\u00e1 disponible en Espa\u00f1a: La mayor plataforma para citas discretas y lujosas<\/a><\/h5>\t\t\t<div class=\"p-meta\">\r\n\t\t\t\t<div class=\"meta-inner is-meta\">\r\n\t\t\t\t\t<span class=\"meta-el meta-update\">\r\n\t\t<i class=\"rbi rbi-time\" aria-hidden=\"true\"><\/i>\t\t<time class=\"updated\" datetime=\"2025-06-27T15:20:07+00:00\">27 de junio de 2025<\/time>\r\n\t\t<\/span>\r\n\t\t\t\t\t\t<\/div>\r\n\t\t\t\t\t\t\t<\/div>\r\n\t\t\t\t<\/div>\r\n\t\t\t\t<\/div>\r\n\t\t\t<div class=\"p-wrap p-small p-list-small-2\" data-pid=\"15451\">\r\n\t\t\t<div class=\"p-content\">\r\n\t\t\t<h5 class=\"entry-title\">\t\t<a class=\"p-url\" href=\"https:\/\/thelatin.news\/es\/video-del-momento-en-que-madre-e-hijo-caen-en-enorme-agujero\/\" rel=\"bookmark\">VIDEO del momento en que madre e hijo caen en enorme agujero<\/a><\/h5>\t\t\t<div class=\"p-meta\">\r\n\t\t\t\t<div class=\"meta-inner is-meta\">\r\n\t\t\t\t\t<span class=\"meta-el meta-update\">\r\n\t\t<i class=\"rbi rbi-time\" aria-hidden=\"true\"><\/i>\t\t<time class=\"updated\" datetime=\"2024-10-26T04:10:11+00:00\">26 de octubre de 2024<\/time>\r\n\t\t<\/span>\r\n\t\t\t\t\t\t<\/div>\r\n\t\t\t\t\t\t\t<\/div>\r\n\t\t\t\t<\/div>\r\n\t\t\t\t<\/div>\r\n\t\t\t<div class=\"p-wrap p-small p-list-small-2\" data-pid=\"15450\">\r\n\t\t\t<div class=\"p-content\">\r\n\t\t\t<h5 class=\"entry-title\">\t\t<a class=\"p-url\" href=\"https:\/\/thelatin.news\/es\/calin-popescu-tariceanu-cidob\/\" rel=\"bookmark\">C\u0103lin Popescu-T\u0103riceanu | CIDOB,<\/a><\/h5>\t\t\t<div class=\"p-meta\">\r\n\t\t\t\t<div class=\"meta-inner is-meta\">\r\n\t\t\t\t\t<span class=\"meta-el meta-update\">\r\n\t\t<i class=\"rbi rbi-time\" aria-hidden=\"true\"><\/i>\t\t<time class=\"updated\" datetime=\"2024-10-26T04:00:11+00:00\">26 de octubre de 2024<\/time>\r\n\t\t<\/span>\r\n\t\t\t\t\t\t<\/div>\r\n\t\t\t\t\t\t\t<\/div>\r\n\t\t\t\t<\/div>\r\n\t\t\t\t<\/div>\r\n\t\t\t<div class=\"p-wrap p-small p-list-small-2\" data-pid=\"15449\">\r\n\t\t\t<div class=\"p-content\">\r\n\t\t\t<h5 class=\"entry-title\">\t\t<a class=\"p-url\" href=\"https:\/\/thelatin.news\/es\/asi-es-la-historia-de-la-perra-lua\/\" rel=\"bookmark\">as\u00ed es la historia de la perra Lua<\/a><\/h5>\t\t\t<div class=\"p-meta\">\r\n\t\t\t\t<div class=\"meta-inner is-meta\">\r\n\t\t\t\t\t<span class=\"meta-el meta-update\">\r\n\t\t<i class=\"rbi rbi-time\" aria-hidden=\"true\"><\/i>\t\t<time class=\"updated\" datetime=\"2024-10-26T03:50:09+00:00\">26 de octubre de 2024<\/time>\r\n\t\t<\/span>\r\n\t\t\t\t\t\t<\/div>\r\n\t\t\t\t\t\t\t<\/div>\r\n\t\t\t\t<\/div>\r\n\t\t\t\t<\/div>\r\n\t\t\t<div class=\"p-wrap p-small p-list-small-2\" data-pid=\"15448\">\r\n\t\t\t<div class=\"p-content\">\r\n\t\t\t<h5 class=\"entry-title\">\t\t<a class=\"p-url\" href=\"https:\/\/thelatin.news\/es\/mercado-de-navidad-de-sibiu-2024-2025-en-romania\/\" rel=\"bookmark\">Mercado de Navidad de Sibiu 2024-2025 en Romania<\/a><\/h5>\t\t\t<div class=\"p-meta\">\r\n\t\t\t\t<div class=\"meta-inner is-meta\">\r\n\t\t\t\t\t<span class=\"meta-el meta-update\">\r\n\t\t<i class=\"rbi rbi-time\" aria-hidden=\"true\"><\/i>\t\t<time class=\"updated\" datetime=\"2024-10-26T03:40:12+00:00\">26 de octubre de 2024<\/time>\r\n\t\t<\/span>\r\n\t\t\t\t\t\t<\/div>\r\n\t\t\t\t\t\t\t<\/div>\r\n\t\t\t\t<\/div>\r\n\t\t\t\t<\/div>\r\n\t<\/div><\/div>\t\t<\/div>\n\t\t\t\t<\/div>\n\t\t\t\t<\/div>\n\t\t\t\t\t<\/div>\n\t\t\t\t<\/div>\n\t\t\t\t<\/div>\n\t\t","protected":false},"excerpt":{"rendered":"<p>Env\u00eda un art\u00edculo de noticias o un comunicado de prensa para su distribuci\u00f3n a los medios de comunicaci\u00f3n de Europa: Andora, Francia, Italia, Moldavia, Portugal, Romainia y Espa\u00f1a Env\u00eda un comunicado de prensa para su distribuci\u00f3n a los medios de comunicaci\u00f3n europeos de Andora, Francia, Italia, Moldavia, Portugal, Romainia y Espa\u00f1a. El comunicado de prensa [&hellip;]<\/p>\n","protected":false},"author":1,"featured_media":0,"parent":0,"menu_order":0,"comment_status":"closed","ping_status":"closed","template":"","meta":{"footnotes":""},"class_list":["post-7156","page","type-page","status-publish"],"_links":{"self":[{"href":"https:\/\/thelatin.news\/es\/wp-json\/wp\/v2\/pages\/7156","targetHints":{"allow":["GET"]}}],"collection":[{"href":"https:\/\/thelatin.news\/es\/wp-json\/wp\/v2\/pages"}],"about":[{"href":"https:\/\/thelatin.news\/es\/wp-json\/wp\/v2\/types\/page"}],"author":[{"embeddable":true,"href":"https:\/\/thelatin.news\/es\/wp-json\/wp\/v2\/users\/1"}],"replies":[{"embeddable":true,"href":"https:\/\/thelatin.news\/es\/wp-json\/wp\/v2\/comments?post=7156"}],"version-history":[{"count":1,"href":"https:\/\/thelatin.news\/es\/wp-json\/wp\/v2\/pages\/7156\/revisions"}],"predecessor-version":[{"id":7157,"href":"https:\/\/thelatin.news\/es\/wp-json\/wp\/v2\/pages\/7156\/revisions\/7157"}],"wp:attachment":[{"href":"https:\/\/thelatin.news\/es\/wp-json\/wp\/v2\/media?parent=7156"}],"curies":[{"name":"wp","href":"https:\/\/api.w.org\/{rel}","templated":true}]}}