{"id":7150,"date":"2024-05-15T15:17:26","date_gmt":"2024-05-15T15:17:26","guid":{"rendered":"https:\/\/thelatin.news\/envieu-noticies\/"},"modified":"2024-06-05T08:17:56","modified_gmt":"2024-06-05T08:17:56","slug":"envieu-noticies","status":"publish","type":"page","link":"https:\/\/thelatin.news\/ca\/envieu-noticies\/","title":{"rendered":"Envieu not\u00edcies"},"content":{"rendered":"\t\t<div data-elementor-type=\"wp-page\" data-elementor-id=\"7150\" class=\"elementor elementor-7150 elementor-2926\">\n\t\t\t\t<div class=\"elementor-element elementor-element-2fcdaa7 e-flex e-con-boxed e-con e-parent\" data-id=\"2fcdaa7\" data-element_type=\"container\">\n\t\t\t\t\t<div class=\"e-con-inner\">\n\t\t<div class=\"elementor-element elementor-element-32c1540 e-con-full e-flex e-con e-child\" data-id=\"32c1540\" data-element_type=\"container\">\n\t\t\t\t<div class=\"elementor-element elementor-element-41c84bb elementor-widget elementor-widget-text-editor\" data-id=\"41c84bb\" data-element_type=\"widget\" data-widget_type=\"text-editor.default\">\n\t\t\t\t<div class=\"elementor-widget-container\">\n\t\t\t\t\t\t\t<h2>Envia un article o una nota de premsa per a la seva distribuci\u00f3 als mitjans d&#8217;Europa: Andora, Fran\u00e7a, It\u00e0lia, Mold\u00e0via, Portugal, Romania i Espanya<\/h2>\n<p>Envieu una nota de premsa per distribuir-la als mitjans europeus d&#8217;Andora, Fran\u00e7a, It\u00e0lia, Mold\u00e0via, Portugal, Romania i Espanya. La nota de premsa pot ser en angl\u00e8s o en qualsevol d&#8217;aquests idiomes: catal\u00e0, franc\u00e8s, itali\u00e0, portugu\u00e8s, roman\u00e8s i castell\u00e0. Per a la distribuci\u00f3 immediata dels comunicats de premsa, poseu-vos en contacte amb <a href=\"https:\/\/europenewswire.net\">EuropeNewswire.Net\u2122<\/a> a trav\u00e9s d&#8217;aquestes aplicacions de missatgeria: <a href=\"https:\/\/api.whatsapp.com\/send\/?phone=18327162363&amp;text&amp;app_absent=0\">WhatsApp<\/a> , <a href=\"skype:groupwebmedia?xat\">Skype<\/a> o <a href=\"https:\/\/t.me\/groupwebmedia\">Telegram<\/a> .<\/p>\n<h2><a href=\"https:\/\/thelatin.news\/ca\/utilitzant-les-arrels-llatines-lavantatge-estrategic-de-la-distribucio-de-comunicats-de-premsa-a-europa\/\">Aprofitant les arrels llatines: l&#8217;avantatge estrat\u00e8gic de la distribuci\u00f3 de comunicats de premsa a Europa<\/a><\/h2>\n<p>Distribuci\u00f3 de notes de premsa en espanyol, franc\u00e8s, itali\u00e0, portugu\u00e8s i roman\u00e8s<br \/>En el panorama ling\u00fc\u00edstic divers d&#8217;Europa, les lleng\u00fces amb arrels llatines, com l&#8217;espanyol, el franc\u00e8s, l&#8217;itali\u00e0, el portugu\u00e8s i el roman\u00e8s, tenen un paper important en els mitjans de comunicaci\u00f3 i la comunicaci\u00f3. La distribuci\u00f3 de notes de premsa en aquestes lleng\u00fces rom\u00e0niques ofereix diferents avantatges que poden beneficiar molt les organitzacions que operen als mercats financers europeus. Aquest assaig aprofundeix en els beneficis estrat\u00e8gics d&#8217;utilitzar idiomes basats en llat\u00ed per a la distribuci\u00f3 de comunicats de premsa a Europa&#8230; <a href=\"https:\/\/thelatin.news\/ca\/utilitzant-les-arrels-llatines-lavantatge-estrategic-de-la-distribucio-de-comunicats-de-premsa-a-europa\/\">Llegeix m\u00e9s<\/a><\/p>\n<div id=\"simple-translate\" class=\"simple-translate-system-theme\">\n<div>\n<div class=\"simple-translate-button \" style=\"background-image: url('moz-extension:\/\/7786b703-e268-494e-8c4b-9e4215803fa6\/icons\/512.png'); height: 22px; width: 22px; top: 10px; left: 10px;\"> <\/div>\n<div class=\"simple-translate-panel isShow\" style=\"width: 300px; height: 89px; top: 151px; left: 10px; font-size: 13px;\">\n<div class=\"simple-translate-result-wrapper\" style=\"overflow: hidden;\">\n<div class=\"simple-translate-move\" draggable=\"true\"> <\/div>\n<div class=\"simple-translate-result-contents\">\n<p class=\"simple-translate-result\" dir=\"auto\">Aprofitant les arrels llatines: la ventaja estrat\u00e8gica de la distribuci\u00f3n de comunicados de prensa a Europa<\/p>\n<p class=\"simple-translate-candidate\" dir=\"auto\">\n<\/div>\n<\/div>\n<\/div>\n<\/div>\n<\/div>\n\t\t\t\t\t\t<\/div>\n\t\t\t\t<\/div>\n\t\t\t\t<\/div>\n\t\t<div class=\"elementor-element elementor-element-094c699 e-con-full rb-sticky e-flex e-con e-child\" data-id=\"094c699\" data-element_type=\"container\">\n\t\t\t\t<div class=\"elementor-element elementor-element-1e3905a elementor-widget elementor-widget-foxiz-heading\" data-id=\"1e3905a\" data-element_type=\"widget\" data-widget_type=\"foxiz-heading.default\">\n\t\t\t\t<div class=\"elementor-widget-container\">\n\t\t\t<div id=\"uid_1e3905a\" class=\"block-h heading-layout-2\"><div class=\"heading-inner\"><h2 class=\"heading-title\"><span>\u00daltimes not\u00edcies<\/span><\/h2><\/div><\/div>\t\t<\/div>\n\t\t\t\t<\/div>\n\t\t\t\t<div class=\"elementor-element elementor-element-43b9c61 elementor-widget elementor-widget-foxiz-list-small-2\" data-id=\"43b9c61\" data-element_type=\"widget\" data-widget_type=\"foxiz-list-small-2.default\">\n\t\t\t\t<div class=\"elementor-widget-container\">\n\t\t\t<div id=\"uid_43b9c61\" class=\"block-wrap block-small block-list block-list-small-2 rb-columns rb-col-1 is-feat-left meta-s-default\"><div class=\"block-inner\">\t\t<div class=\"p-wrap p-small p-list-small-2\" data-pid=\"15719\">\r\n\t\t\t<div class=\"p-content\">\r\n\t\t\t<h5 class=\"entry-title\">\t\t<a class=\"p-url\" href=\"https:\/\/thelatin.news\/ca\/el-fabricant-de-robots-universal-robots-sincorpora-al-dfactory-barcelona\/\" rel=\"bookmark\">El fabricant de robots Universal Robots s&#8217;incorpora al DFactory Barcelona<\/a><\/h5>\t\t\t<div class=\"p-meta\">\r\n\t\t\t\t<div class=\"meta-inner is-meta\">\r\n\t\t\t\t\t<span class=\"meta-el meta-update\">\r\n\t\t<i class=\"rbi rbi-time\" aria-hidden=\"true\"><\/i>\t\t<time class=\"updated\" datetime=\"2024-11-07T15:30:09+00:00\">7 de novembre de 2024<\/time>\r\n\t\t<\/span>\r\n\t\t\t\t\t\t<\/div>\r\n\t\t\t\t\t\t\t<\/div>\r\n\t\t\t\t<\/div>\r\n\t\t\t\t<\/div>\r\n\t\t\t<div class=\"p-wrap p-small p-list-small-2\" data-pid=\"15432\">\r\n\t\t\t<div class=\"p-content\">\r\n\t\t\t<h5 class=\"entry-title\">\t\t<a class=\"p-url\" href=\"https:\/\/thelatin.news\/ca\/carmen-janeiro-la-germana-de-jesulin-de-ubrique-empresaria-dexit-a-marbella-amb-2-empreses\/\" rel=\"bookmark\">Carmen Janeiro, la germana de Jesul\u00edn de Ubrique, empres\u00e0ria d&#8217;\u00e8xit a Marbella amb 2 empreses&#8230;<\/a><\/h5>\t\t\t<div class=\"p-meta\">\r\n\t\t\t\t<div class=\"meta-inner is-meta\">\r\n\t\t\t\t\t<span class=\"meta-el meta-update\">\r\n\t\t<i class=\"rbi rbi-time\" aria-hidden=\"true\"><\/i>\t\t<time class=\"updated\" datetime=\"2024-10-25T08:10:07+00:00\">25 d'octubre de 2024<\/time>\r\n\t\t<\/span>\r\n\t\t\t\t\t\t<\/div>\r\n\t\t\t\t\t\t\t<\/div>\r\n\t\t\t\t<\/div>\r\n\t\t\t\t<\/div>\r\n\t\t\t<div class=\"p-wrap p-small p-list-small-2\" data-pid=\"15431\">\r\n\t\t\t<div class=\"p-content\">\r\n\t\t\t<h5 class=\"entry-title\">\t\t<a class=\"p-url\" href=\"https:\/\/thelatin.news\/ca\/carlos-alcaraz-titubeja-en-la-seva-estrena-a-la-laver-cup-al-costat-de-zverev\/\" rel=\"bookmark\">Carlos Alcaraz titubeja en la seva estrena a la Laver Cup al costat de Zverev<\/a><\/h5>\t\t\t<div class=\"p-meta\">\r\n\t\t\t\t<div class=\"meta-inner is-meta\">\r\n\t\t\t\t\t<span class=\"meta-el meta-update\">\r\n\t\t<i class=\"rbi rbi-time\" aria-hidden=\"true\"><\/i>\t\t<time class=\"updated\" datetime=\"2024-10-25T07:50:08+00:00\">25 d'octubre de 2024<\/time>\r\n\t\t<\/span>\r\n\t\t\t\t\t\t<\/div>\r\n\t\t\t\t\t\t\t<\/div>\r\n\t\t\t\t<\/div>\r\n\t\t\t\t<\/div>\r\n\t\t\t<div class=\"p-wrap p-small p-list-small-2\" data-pid=\"15430\">\r\n\t\t\t<div class=\"p-content\">\r\n\t\t\t<h5 class=\"entry-title\">\t\t<a class=\"p-url\" href=\"https:\/\/thelatin.news\/ca\/bartolome-nofuentes-participa-de-manera-destacada-en-la-semana-europea-de-las-regiones-y-ciudades-celebrada-en-bruselas\/\" rel=\"bookmark\">Bartolom\u00e9 Nofuentes participa de manera destacada en la Semana Europea de las Regiones y Ciudades celebrada en Bruselas<\/a><\/h5>\t\t\t<div class=\"p-meta\">\r\n\t\t\t\t<div class=\"meta-inner is-meta\">\r\n\t\t\t\t\t<span class=\"meta-el meta-update\">\r\n\t\t<i class=\"rbi rbi-time\" aria-hidden=\"true\"><\/i>\t\t<time class=\"updated\" datetime=\"2024-10-25T07:40:12+00:00\">25 d'octubre de 2024<\/time>\r\n\t\t<\/span>\r\n\t\t\t\t\t\t<\/div>\r\n\t\t\t\t\t\t\t<\/div>\r\n\t\t\t\t<\/div>\r\n\t\t\t\t<\/div>\r\n\t\t\t<div class=\"p-wrap p-small p-list-small-2\" data-pid=\"15429\">\r\n\t\t\t<div class=\"p-content\">\r\n\t\t\t<h5 class=\"entry-title\">\t\t<a class=\"p-url\" href=\"https:\/\/thelatin.news\/ca\/dos-lleidatans-campions-de-la-supercopa-de-franca-dhoquei-patins\/\" rel=\"bookmark\">Dos lleidatans, campions de la Supercopa de Fran\u00e7a d&#8217;hoquei patins<\/a><\/h5>\t\t\t<div class=\"p-meta\">\r\n\t\t\t\t<div class=\"meta-inner is-meta\">\r\n\t\t\t\t\t<span class=\"meta-el meta-update\">\r\n\t\t<i class=\"rbi rbi-time\" aria-hidden=\"true\"><\/i>\t\t<time class=\"updated\" datetime=\"2024-10-25T07:30:13+00:00\">25 d'octubre de 2024<\/time>\r\n\t\t<\/span>\r\n\t\t\t\t\t\t<\/div>\r\n\t\t\t\t\t\t\t<\/div>\r\n\t\t\t\t<\/div>\r\n\t\t\t\t<\/div>\r\n\t<\/div><\/div>\t\t<\/div>\n\t\t\t\t<\/div>\n\t\t\t\t<\/div>\n\t\t\t\t\t<\/div>\n\t\t\t\t<\/div>\n\t\t\t\t<\/div>\n\t\t","protected":false},"excerpt":{"rendered":"<p>Envia un article o una nota de premsa per a la seva distribuci\u00f3 als mitjans d&#8217;Europa: Andora, Fran\u00e7a, It\u00e0lia, Mold\u00e0via, Portugal, Romania i Espanya Envieu una nota de premsa per distribuir-la als mitjans europeus d&#8217;Andora, Fran\u00e7a, It\u00e0lia, Mold\u00e0via, Portugal, Romania i Espanya. La nota de premsa pot ser en angl\u00e8s o en qualsevol d&#8217;aquests idiomes: [&hellip;]<\/p>\n","protected":false},"author":1,"featured_media":0,"parent":0,"menu_order":0,"comment_status":"closed","ping_status":"closed","template":"","meta":{"footnotes":""},"class_list":["post-7150","page","type-page","status-publish"],"_links":{"self":[{"href":"https:\/\/thelatin.news\/ca\/wp-json\/wp\/v2\/pages\/7150","targetHints":{"allow":["GET"]}}],"collection":[{"href":"https:\/\/thelatin.news\/ca\/wp-json\/wp\/v2\/pages"}],"about":[{"href":"https:\/\/thelatin.news\/ca\/wp-json\/wp\/v2\/types\/page"}],"author":[{"embeddable":true,"href":"https:\/\/thelatin.news\/ca\/wp-json\/wp\/v2\/users\/1"}],"replies":[{"embeddable":true,"href":"https:\/\/thelatin.news\/ca\/wp-json\/wp\/v2\/comments?post=7150"}],"version-history":[{"count":1,"href":"https:\/\/thelatin.news\/ca\/wp-json\/wp\/v2\/pages\/7150\/revisions"}],"predecessor-version":[{"id":7153,"href":"https:\/\/thelatin.news\/ca\/wp-json\/wp\/v2\/pages\/7150\/revisions\/7153"}],"wp:attachment":[{"href":"https:\/\/thelatin.news\/ca\/wp-json\/wp\/v2\/media?parent=7150"}],"curies":[{"name":"wp","href":"https:\/\/api.w.org\/{rel}","templated":true}]}}